{"id":42,"date":"2015-06-21T19:06:05","date_gmt":"2015-06-21T19:06:05","guid":{"rendered":"http:\/\/zittau-immo.de\/?page_id=42"},"modified":"2023-02-07T11:31:16","modified_gmt":"2023-02-07T11:31:16","slug":"home","status":"publish","type":"page","link":"https:\/\/zittau-immo.de\/","title":{"rendered":"Immobilien"},"content":{"rendered":"<p style=\"text-align: center;\"><span class=\"\" style=\"display:block;clear:both;height: 0px;padding-top: 20px;border-top-width:0px;border-bottom-width:0px;\"><\/span><\/p>\n<h1 style=\"text-align: center;\">Private Wohnungen in Zittau mieten!<\/h1>\n<p style=\"text-align: center;\"><span style=\"color: #000000;\">Direkter Ansprechpartner vor Ort mit Entscheidungsbefugnis, Probleme ganz unkompliziert\u00a0beheben.<\/span><\/p>\n<p><span style=\"color: #000000;\"><strong>In der Zittauer Innenstadt &#8211; Fu\u00dfg\u00e4ngerzone &#8211; wird im Sommer 2023 eine gro\u00dfe Ladenfl\u00e4che mit Lager gesamt knapp 300 m\u00b2 frei. Bei Interesse melden!<\/strong><\/span><\/p>\n<p><span style=\"color: #000000;\"><strong>Zittau Frauenstra\u00dfe &#8211; Lagerr\u00e4ume ab Sommer 2023 zu vermieten von klein bis gro\u00df, 10 EUR je 2,5 m\u00b3 Lagerfl\u00e4che. Lagergr\u00f6\u00dfe ist aktuell verhandelbar!<br \/>\n<\/strong><\/span><\/p>\n<p><span style=\"color: #0000ff;\"><strong>\u00a0<\/strong><\/span><\/p>\n<h1 style=\"text-align: center;\"><\/h1>\n<p style=\"text-align: center;\"><a class=\"button primary-button\" href=\"https:\/\/zittau-immo.de\/?page_id=44\">4- und 5-Raum-Wohnungen<\/a> <a class=\"button primary-button\" href=\"https:\/\/zittau-immo.de\/?page_id=46\">3-Raum-Wohnungen<\/a> <a class=\"button primary-button\" href=\"https:\/\/zittau-immo.de\/?page_id=143\">2-Raum-Wohnungen<\/a> <a class=\"button primary-button\" href=\"https:\/\/zittau-immo.de\/?page_id=104\">1-Raum-Wohnungen<\/a><\/p>\n<p style=\"text-align: center;\"><span class=\"\" style=\"display:block;clear:both;height: 0px;padding-top: 400px;border-top-width:0px;border-bottom-width:0px;\"><\/span><\/p>\n","protected":false},"excerpt":{"rendered":"<p>Private Wohnungen in Zittau mieten! Direkter Ansprechpartner vor Ort mit Entscheidungsbefugnis, Probleme ganz unkompliziert\u00a0beheben. In der Zittauer Innenstadt &#8211; Fu\u00dfg\u00e4ngerzone &#8211; wird im Sommer 2023 eine gro\u00dfe Ladenfl\u00e4che mit Lager gesamt knapp 300 m\u00b2 frei. Bei Interesse melden! Zittau Frauenstra\u00dfe &#8211; Lagerr\u00e4ume ab Sommer 2023 zu vermieten von klein bis gro\u00df, 10 EUR je 2,5 <a class=\"moretag\" href=\"https:\/\/zittau-immo.de\/\">Read More &#8230;<\/a><\/p>\n","protected":false},"author":1,"featured_media":0,"parent":0,"menu_order":0,"comment_status":"closed","ping_status":"closed","template":"full-width-page.php","meta":[],"_links":{"self":[{"href":"https:\/\/zittau-immo.de\/index.php?rest_route=\/wp\/v2\/pages\/42"}],"collection":[{"href":"https:\/\/zittau-immo.de\/index.php?rest_route=\/wp\/v2\/pages"}],"about":[{"href":"https:\/\/zittau-immo.de\/index.php?rest_route=\/wp\/v2\/types\/page"}],"author":[{"embeddable":true,"href":"https:\/\/zittau-immo.de\/index.php?rest_route=\/wp\/v2\/users\/1"}],"replies":[{"embeddable":true,"href":"https:\/\/zittau-immo.de\/index.php?rest_route=%2Fwp%2Fv2%2Fcomments&post=42"}],"version-history":[{"count":90,"href":"https:\/\/zittau-immo.de\/index.php?rest_route=\/wp\/v2\/pages\/42\/revisions"}],"predecessor-version":[{"id":407,"href":"https:\/\/zittau-immo.de\/index.php?rest_route=\/wp\/v2\/pages\/42\/revisions\/407"}],"wp:attachment":[{"href":"https:\/\/zittau-immo.de\/index.php?rest_route=%2Fwp%2Fv2%2Fmedia&parent=42"}],"curies":[{"name":"wp","href":"https:\/\/api.w.org\/{rel}","templated":true}]}}